{"id":1694,"date":"2022-06-27T23:56:48","date_gmt":"2022-06-27T21:56:48","guid":{"rendered":"https:\/\/test-bakery.ekinci-it.de\/?page_id=1694"},"modified":"2025-06-25T22:25:22","modified_gmt":"2025-06-25T20:25:22","slug":"rundwanderweg","status":"publish","type":"page","link":"https:\/\/norberthoneck.de\/?page_id=1694","title":{"rendered":"Rundwanderweg"},"content":{"rendered":"<h2><span style=\"color: #000080;\"><strong>Rundwanderweg<\/strong><\/span><\/h2>\n<p><span style=\"color: #000080;\">Mit seiner L\u00e4nge von 32 km und einer Streckenf\u00fchrung, die das Steinhuder Meer einmal komplett umrundet, ist der Steinhuder Meer Rundweg ein beliebter Radwanderweg im Naturpark Steinhuder Meer.<\/span><\/p>\n<p><span style=\"color: #000080;\">Neben W\u00e4ldern, Feuchtwiesen, Mooren und Aussichtsplattformen, von denen man nicht nur V\u00f6gel oder Wasserb\u00fcffel beobachten kann, l\u00e4\u00dft sich rund um den Rundwanderweg noch vieles mehr erleben.<\/span><\/p>\n<p><span style=\"color: #000080;\">Eine kleine Auswahl haben wir f\u00fcr Sie zusammen gestellt:<\/span><\/p>\n<p><span style=\"color: #000080;\" class=\"custom_css_slide\">\n\t<div class=\"slideshow_container slideshow_container_style-light\" style=\"height: 400px; \" data-slideshow-id=\"416\" data-style-name=\"style-light\" data-style-version=\"2.3.1\" data-settings=\"{&quot;animation&quot;:&quot;crossFade&quot;,&quot;slideSpeed&quot;:&quot;1&quot;,&quot;descriptionSpeed&quot;:&quot;0.4&quot;,&quot;intervalSpeed&quot;:&quot;5&quot;,&quot;slidesPerView&quot;:&quot;1&quot;,&quot;maxWidth&quot;:&quot;0&quot;,&quot;aspectRatio&quot;:&quot;3:1&quot;,&quot;height&quot;:&quot;400&quot;,&quot;imageBehaviour&quot;:&quot;crop&quot;,&quot;showDescription&quot;:&quot;true&quot;,&quot;hideDescription&quot;:&quot;true&quot;,&quot;preserveSlideshowDimensions&quot;:&quot;false&quot;,&quot;enableResponsiveness&quot;:&quot;true&quot;,&quot;play&quot;:&quot;true&quot;,&quot;loop&quot;:&quot;true&quot;,&quot;pauseOnHover&quot;:&quot;true&quot;,&quot;controllable&quot;:&quot;true&quot;,&quot;hideNavigationButtons&quot;:&quot;false&quot;,&quot;showPagination&quot;:&quot;false&quot;,&quot;hidePagination&quot;:&quot;true&quot;,&quot;controlPanel&quot;:&quot;false&quot;,&quot;hideControlPanel&quot;:&quot;true&quot;,&quot;waitUntilLoaded&quot;:&quot;true&quot;,&quot;showLoadingIcon&quot;:&quot;true&quot;,&quot;random&quot;:&quot;false&quot;,&quot;avoidFilter&quot;:&quot;true&quot;}\">\n\n\t\t\t\t\t<div class=\"slideshow_loading_icon\"><\/div>\n\t\t\n\t\t<div class=\"slideshow_content\" style=\"display: none;\">\n\n\t\t\t<div class=\"slideshow_view\">\t<div style=\"clear: both;\"><\/div><\/div><div class=\"slideshow_view\">\t<div style=\"clear: both;\"><\/div><\/div><div class=\"slideshow_view\">\t<div style=\"clear: both;\"><\/div><\/div><div class=\"slideshow_view\">\t<div style=\"clear: both;\"><\/div><\/div><div class=\"slideshow_view\">\t<div style=\"clear: both;\"><\/div><\/div><div class=\"slideshow_view\">\t<div style=\"clear: both;\"><\/div><\/div><div class=\"slideshow_view\">\t<div style=\"clear: both;\"><\/div><\/div><div class=\"slideshow_view\">\t<div style=\"clear: both;\"><\/div><\/div><div class=\"slideshow_view\">\t<div style=\"clear: both;\"><\/div><\/div><div class=\"slideshow_view\">\t<div style=\"clear: both;\"><\/div><\/div><div class=\"slideshow_view\">\t<div style=\"clear: both;\"><\/div><\/div><div class=\"slideshow_view\">\t<div style=\"clear: both;\"><\/div><\/div><div class=\"slideshow_view\">\t<div style=\"clear: both;\"><\/div><\/div><div class=\"slideshow_view\">\t<div style=\"clear: both;\"><\/div><\/div><div class=\"slideshow_view\">\t<div style=\"clear: both;\"><\/div><\/div><div class=\"slideshow_view\">\t<div style=\"clear: both;\"><\/div><\/div><div class=\"slideshow_view\">\n\t\t\t\t<div class=\"slideshow_slide slideshow_slide_image\">\n\t\t\t\t\t<a href=\"www.seatree.de\/\" target=\"_blank\" >\t\t\t\t\t\t<img src=\"https:\/\/norberthoneck.de\/wp-content\/uploads\/2017\/08\/Winter.jpg\" alt=\"HOCHSEILGARTEN SEA TREE\" width=\"600\" height=\"400\" \/>\n\t\t\t\t\t<\/a>\t\t\t\t\t<div class=\"slideshow_description_box slideshow_transparent\">\n\t\t\t\t\t\t<div class=\"slideshow_title\"><a href=\"www.seatree.de\/\" target=\"_blank\" >HOCHSEILGARTEN SEA TREE<\/a><\/div>\t\t\t\t\t\t<div class=\"slideshow_description\"><a href=\"www.seatree.de\/\" target=\"_blank\" >Im Hochseilgarten kann man 27 verschiedene Kletterstationen erklimmen.<\/a><\/div>\t\t\t\t\t<\/div>\n\t\t\t\t<\/div>\n\n\t\t\t\t\t\t<div style=\"clear: both;\"><\/div><\/div><div class=\"slideshow_view\">\t<div style=\"clear: both;\"><\/div><\/div>\n\t\t<\/div>\n\n\t\t<div class=\"slideshow_controlPanel slideshow_transparent\" style=\"display: none;\"><ul><li class=\"slideshow_togglePlay\" data-play-text=\"Abspielen\" data-pause-text=\"Pause\"><\/li><\/ul><\/div>\n\n\t\t<div class=\"slideshow_button slideshow_previous slideshow_transparent\" role=\"button\" data-previous-text=\"Zur\u00fcck\" style=\"display: none;\"><\/div>\n\t\t<div class=\"slideshow_button slideshow_next slideshow_transparent\" role=\"button\" data-next-text=\"N\u00e4chstes\" style=\"display: none;\"><\/div>\n\n\t\t<div class=\"slideshow_pagination\" style=\"display: none;\" data-go-to-text=\"Gehe zum Bild\"><div class=\"slideshow_pagination_center\"><\/div><\/div>\n\n\t\t<!-- WordPress Slideshow Version 2.3.1 -->\n\n\t\t\t<\/div>\n\n<\/span><\/p>\n<p><span style=\"color: #000080;\"><em>Durch einen Mausklick auf die jeweiligen Ausflugziele,<\/em>werden Sie direkt zu der dazugeh\u00f6renden Internetpr\u00e4zens geleitet.<\/span><\/p>\n<p><span style=\"color: #000080;\"><a style=\"color: #000080;\" href=\"http:\/\/www.steinhude-am-meer.de\" target=\"_blank\" rel=\"noopener\"><img loading=\"lazy\" decoding=\"async\" class=\"alignnone wp-image-798\" src=\"\/wp-content\/uploads\/2017\/09\/Steinhudr-meer.jpg\" alt=\"\" width=\"365\" height=\"155\" srcset=\"https:\/\/norberthoneck.de\/wp-content\/uploads\/2017\/09\/Steinhudr-meer.jpg 400w, https:\/\/norberthoneck.de\/wp-content\/uploads\/2017\/09\/Steinhudr-meer-300x128.jpg 300w\" sizes=\"auto, (max-width: 365px) 100vw, 365px\" \/><\/a><a style=\"color: #000080;\" href=\"http:\/\/www.norberthoneck.de\" target=\"_blank\" rel=\"noopener\"><img loading=\"lazy\" decoding=\"async\" class=\"alignnone wp-image-1190\" src=\"\/wp-content\/uploads\/2017\/09\/Ausfl\u00fcge-rechts-3.jpg\" alt=\"\" width=\"365\" height=\"155\" \/><\/a><a style=\"color: #000080;\" href=\"http:\/\/www.dinopark.de\" target=\"_blank\" rel=\"noopener\"><img loading=\"lazy\" decoding=\"async\" class=\"alignnone wp-image-794 \" src=\"\/wp-content\/uploads\/2017\/09\/dino.jpg\" alt=\"\" width=\"365\" height=\"155\" \/><\/a><a style=\"color: #000080;\" href=\"http:\/\/www.seatree.de\/\" target=\"_blank\" rel=\"noopener\"><img loading=\"lazy\" decoding=\"async\" class=\"alignnone wp-image-795 \" src=\"\/wp-content\/uploads\/2017\/09\/hochseil-rechts.jpg\" alt=\"\" width=\"365\" height=\"155\" srcset=\"https:\/\/norberthoneck.de\/wp-content\/uploads\/2017\/09\/hochseil-rechts.jpg 400w, https:\/\/norberthoneck.de\/wp-content\/uploads\/2017\/09\/hochseil-rechts-350x149.jpg 350w, https:\/\/norberthoneck.de\/wp-content\/uploads\/2017\/09\/hochseil-rechts-300x128.jpg 300w\" sizes=\"auto, (max-width: 365px) 100vw, 365px\" \/><\/a><a style=\"color: #000080;\" href=\"http:\/\/www.kloster-loccum.de\" target=\"_blank\" rel=\"noopener\"><img loading=\"lazy\" decoding=\"async\" class=\"alignnone wp-image-796 \" src=\"\/wp-content\/uploads\/2017\/09\/kloster.jpg\" alt=\"\" width=\"365\" height=\"155\" srcset=\"https:\/\/norberthoneck.de\/wp-content\/uploads\/2017\/09\/kloster.jpg 400w, https:\/\/norberthoneck.de\/wp-content\/uploads\/2017\/09\/kloster-350x149.jpg 350w, https:\/\/norberthoneck.de\/wp-content\/uploads\/2017\/09\/kloster-300x128.jpg 300w\" sizes=\"auto, (max-width: 365px) 100vw, 365px\" \/><\/a><a style=\"color: #000080;\" href=\"http:\/\/www.oessm.org\/blog\/\" target=\"_blank\" rel=\"noopener\"><img loading=\"lazy\" decoding=\"async\" class=\"alignnone wp-image-797\" src=\"\/wp-content\/uploads\/2017\/09\/\u00d6ssm-rechts.jpg\" alt=\"\" width=\"365\" height=\"155\" srcset=\"https:\/\/norberthoneck.de\/wp-content\/uploads\/2017\/09\/\u00d6ssm-rechts.jpg 400w, https:\/\/norberthoneck.de\/wp-content\/uploads\/2017\/09\/\u00d6ssm-rechts-350x149.jpg 350w, https:\/\/norberthoneck.de\/wp-content\/uploads\/2017\/09\/\u00d6ssm-rechts-300x128.jpg 300w\" sizes=\"auto, (max-width: 365px) 100vw, 365px\" \/><\/a><\/span><\/p>\n<p><span style=\"color: #000080;\">Zur\u00fcck zur <a style=\"color: #000080;\" href=\"http:\/\/www.norberthoneck.de\">Startseite.<\/a><\/span><\/p>\n","protected":false},"excerpt":{"rendered":"<p>Rundwanderweg Mit seiner L\u00e4nge von 32 km und einer Streckenf\u00fchrung, die das Steinhuder Meer einmal komplett umrundet, ist der Steinhuder Meer Rundweg ein beliebter Radwanderweg im Naturpark Steinhuder Meer. Neben W\u00e4ldern, Feuchtwiesen, Mooren und Aussichtsplattformen, von denen man nicht nur V\u00f6gel oder Wasserb\u00fcffel beobachten kann, l\u00e4\u00dft sich rund um den Rundwanderweg noch vieles mehr erleben. &hellip; <\/p>\n<p class=\"link-more\"><a href=\"https:\/\/norberthoneck.de\/?page_id=1694\" class=\"more-link\"><span class=\"screen-reader-text\">\u201eRundwanderweg\u201c<\/span> weiterlesen<\/a><\/p>\n","protected":false},"author":1,"featured_media":0,"parent":0,"menu_order":0,"comment_status":"closed","ping_status":"closed","template":"","meta":{"footnotes":""},"class_list":["post-1694","page","type-page","status-publish","hentry"],"_links":{"self":[{"href":"https:\/\/norberthoneck.de\/index.php?rest_route=\/wp\/v2\/pages\/1694","targetHints":{"allow":["GET"]}}],"collection":[{"href":"https:\/\/norberthoneck.de\/index.php?rest_route=\/wp\/v2\/pages"}],"about":[{"href":"https:\/\/norberthoneck.de\/index.php?rest_route=\/wp\/v2\/types\/page"}],"author":[{"embeddable":true,"href":"https:\/\/norberthoneck.de\/index.php?rest_route=\/wp\/v2\/users\/1"}],"replies":[{"embeddable":true,"href":"https:\/\/norberthoneck.de\/index.php?rest_route=%2Fwp%2Fv2%2Fcomments&post=1694"}],"version-history":[{"count":5,"href":"https:\/\/norberthoneck.de\/index.php?rest_route=\/wp\/v2\/pages\/1694\/revisions"}],"predecessor-version":[{"id":2428,"href":"https:\/\/norberthoneck.de\/index.php?rest_route=\/wp\/v2\/pages\/1694\/revisions\/2428"}],"wp:attachment":[{"href":"https:\/\/norberthoneck.de\/index.php?rest_route=%2Fwp%2Fv2%2Fmedia&parent=1694"}],"curies":[{"name":"wp","href":"https:\/\/api.w.org\/{rel}","templated":true}]}}