{"id":105,"date":"2017-06-29T14:47:45","date_gmt":"2017-06-29T12:47:45","guid":{"rendered":"http:\/\/kornau.design\/bakery\/?page_id=105"},"modified":"2026-01-30T16:19:06","modified_gmt":"2026-01-30T14:19:06","slug":"blank","status":"publish","type":"page","link":"https:\/\/norberthoneck.de\/","title":{"rendered":"Aktuelles"},"content":{"rendered":"\n<h2 class=\"wp-block-heading\"><\/h2>\n\n\n\n<p class=\"has-medium-font-size\"><strong>Verehrte Kunden und Wiederverk\u00e4ufer<\/strong><br><br>liebe Freunde des B\u00e4ckerhandwerks- und des Genusses leckerer Backwaren \u2013<br>Es ist wie es ist\u2026nach fast 40 Jahren T\u00e4tigkeit mit B\u00e4ckerei &amp; Caf\u00e9 m\u00f6chten wir eine l\u00e4ngere Pause einlegen.<br>Wir werden uns nicht komplett zur\u00fcck ziehen, sondern die Zeit nutzen, um etwas Neues entstehen zu lassen.<br><br><strong>Letzter Backtag war <mark style=\"background-color:rgba(0, 0, 0, 0)\" class=\"has-inline-color has-vivid-red-color\">Samstag, der 20.12.25<\/mark><\/strong><br><br>Vielen Dank f\u00fcr viele Jahre langen Vertrauens und danke f\u00fcrs Verst\u00e4ndnis.<br><br>Biob\u00e4ckerei mit Caf\u00e8garten<br>Norbert Honeck &amp; Gisela Rohr\u00dfen<\/p>\n\n\n\n<p>\u2026wer m\u00f6chte, kann eine Mail-Adresse hinterlegen, um zu gegebener<br>Zeit weitere Informationen zu erhalten.<\/p>\n\n\n\n<hr class=\"wp-block-separator has-text-color has-vivid-red-color has-alpha-channel-opacity has-vivid-red-background-color has-background is-style-wide\"\/>\n\n\n\n<p>Wir f\u00fchren eine kleine Biob\u00e4ckerei, gelegen in Winzlar, am Radrundwanderweg Steinhuder Meer mit einem sch\u00f6nen Cafegarten, Spielplatz unter alten B\u00e4umen mit Schaukel und riesiger Sandkiste, sehr familienfreundlich und f\u00fcr Radtouren oder Ausfl\u00fcge besonders geeignet.<br><br><\/p>\n\n\n\n<p><\/p>\n","protected":false},"excerpt":{"rendered":"<p>Verehrte Kunden und Wiederverk\u00e4ufer liebe Freunde des B\u00e4ckerhandwerks- und des Genusses leckerer Backwaren \u2013Es ist wie es ist\u2026nach fast 40 Jahren T\u00e4tigkeit mit B\u00e4ckerei &amp; Caf\u00e9 m\u00f6chten wir eine l\u00e4ngere Pause einlegen.Wir werden uns nicht komplett zur\u00fcck ziehen, sondern die Zeit nutzen, um etwas Neues entstehen zu lassen. Letzter Backtag war Samstag, der 20.12.25 Vielen &hellip; <\/p>\n<p class=\"link-more\"><a href=\"https:\/\/norberthoneck.de\/\" class=\"more-link\"><span class=\"screen-reader-text\">\u201eAktuelles\u201c<\/span> weiterlesen<\/a><\/p>\n","protected":false},"author":1,"featured_media":0,"parent":0,"menu_order":0,"comment_status":"closed","ping_status":"closed","template":"","meta":{"footnotes":""},"class_list":["post-105","page","type-page","status-publish","hentry"],"_links":{"self":[{"href":"https:\/\/norberthoneck.de\/index.php?rest_route=\/wp\/v2\/pages\/105","targetHints":{"allow":["GET"]}}],"collection":[{"href":"https:\/\/norberthoneck.de\/index.php?rest_route=\/wp\/v2\/pages"}],"about":[{"href":"https:\/\/norberthoneck.de\/index.php?rest_route=\/wp\/v2\/types\/page"}],"author":[{"embeddable":true,"href":"https:\/\/norberthoneck.de\/index.php?rest_route=\/wp\/v2\/users\/1"}],"replies":[{"embeddable":true,"href":"https:\/\/norberthoneck.de\/index.php?rest_route=%2Fwp%2Fv2%2Fcomments&post=105"}],"version-history":[{"count":341,"href":"https:\/\/norberthoneck.de\/index.php?rest_route=\/wp\/v2\/pages\/105\/revisions"}],"predecessor-version":[{"id":2559,"href":"https:\/\/norberthoneck.de\/index.php?rest_route=\/wp\/v2\/pages\/105\/revisions\/2559"}],"wp:attachment":[{"href":"https:\/\/norberthoneck.de\/index.php?rest_route=%2Fwp%2Fv2%2Fmedia&parent=105"}],"curies":[{"name":"wp","href":"https:\/\/api.w.org\/{rel}","templated":true}]}}